{"id":1088,"date":"2021-06-02T17:19:55","date_gmt":"2021-06-02T15:19:55","guid":{"rendered":"http:\/\/www.villasansimone.it\/?page_id=1088"},"modified":"2023-02-27T21:14:58","modified_gmt":"2023-02-27T20:14:58","slug":"about-1","status":"publish","type":"page","link":"https:\/\/www.villasansimone.it\/index.php\/homepage-ita\/about-1\/","title":{"rendered":"Relax e bellezza in Toscana"},"content":{"rendered":"\n<p class=\"has-text-align-left hero-sub\">Apartment Hotel &amp; Bed and Breakfast<\/p>\n\n\n\n<!--more Scopri di pi\u00f9-->\n\n\n\n<div class=\"wp-block-getwid-section alignfull alignfull getwid-margin-top-none getwid-margin-bottom-none\"><div class=\"wp-block-getwid-section__wrapper getwid-padding-bottom-medium getwid-padding-left-medium getwid-padding-right-medium getwid-padding-mobile-left-small getwid-padding-mobile-right-small\" style=\"padding-top:0px\"><div class=\"wp-block-getwid-section__inner-wrapper\"><div class=\"wp-block-getwid-section__background-holder\"><div class=\"wp-block-getwid-section__background\"><\/div><div class=\"wp-block-getwid-section__foreground\"><\/div><\/div><div class=\"wp-block-getwid-section__content\"><div class=\"wp-block-getwid-section__inner-content\">\n<div class=\"wp-block-columns has-2-columns is-layout-flex wp-container-core-columns-layout-1 wp-block-columns-is-layout-flex\">\n<div class=\"wp-block-column is-layout-flow wp-block-column-is-layout-flow\">\n<div class=\"wp-block-getwid-advanced-heading is-style-style-1 has-custom-font-size\" style=\"font-size:12px;margin-bottom:20px\"><p class=\"wp-block-getwid-advanced-heading__content\" style=\"letter-spacing:1px\">ABOUT<\/p><\/div>\n\n\n\n<div class=\"wp-block-getwid-advanced-heading is-style-default\"><h2 class=\"wp-block-getwid-advanced-heading__content\">Villa San Simone<\/h2><\/div>\n<\/div>\n\n\n\n<div class=\"wp-block-column is-layout-flow wp-block-column-is-layout-flow\">\n<p>Villa San Simone, \u00e8 un\u2019oasi di pace e relax per la famiglia, nata sulle mura di una chiesetta romanica dell\u2019anno 1000 e restaurata e ristrutturata con amore dai proprietari Lidia e Sandro, architetti, che ne hanno fatto un\u2019elegante struttura ricettiva.<\/p>\n\n\n\n<p>Situata in collina, a 4km dal centro di Pistoia, \u00e8 il luogo ideale per visitare le pi\u00f9 belle citt\u00e0 d\u2019arte della Toscana, come Firenze, Lucca, Pisa e Siena, tutte a poche decine di chilometri. &nbsp;La Villa \u00e8 immersa in un grande parco di oltre 60.000 mq, circondato da oliveti, offre una piscina a sfioro con vista panoramica e un grande giardino con alberi secolari, dove gli ospiti possono rilassarsi, mangiare e godere dello splendido paesaggio. L\u2019arredamento degli interni, sapientemente giocato fra antico e moderno, comprende mobili d\u2019epoca e oggetti di design contemporaneo: ogni appartamento \u00e8 caratteristico e diverso dagli altri.<\/p>\n<\/div>\n<\/div>\n\n\n\n<div style=\"height:12px\" aria-hidden=\"true\" class=\"wp-block-spacer\"><\/div>\n\n\n\n<div class=\"wp-block-columns has-2-columns is-layout-flex wp-container-core-columns-layout-2 wp-block-columns-is-layout-flex\">\n<div class=\"wp-block-column is-layout-flow wp-block-column-is-layout-flow\">\n<figure class=\"wp-block-image size-large\"><img loading=\"lazy\" decoding=\"async\" width=\"1024\" height=\"768\" src=\"http:\/\/www.villasansimone.it\/wp-content\/uploads\/2021\/07\/salone_4_3-1024x768.jpg\" alt=\"\" class=\"wp-image-1183\" srcset=\"https:\/\/www.villasansimone.it\/wp-content\/uploads\/2021\/07\/salone_4_3-1024x768.jpg 1024w, https:\/\/www.villasansimone.it\/wp-content\/uploads\/2021\/07\/salone_4_3-300x225.jpg 300w, https:\/\/www.villasansimone.it\/wp-content\/uploads\/2021\/07\/salone_4_3-768x576.jpg 768w, https:\/\/www.villasansimone.it\/wp-content\/uploads\/2021\/07\/salone_4_3-1536x1152.jpg 1536w, https:\/\/www.villasansimone.it\/wp-content\/uploads\/2021\/07\/salone_4_3-2048x1536.jpg 2048w, https:\/\/www.villasansimone.it\/wp-content\/uploads\/2021\/07\/salone_4_3-1170x878.jpg 1170w\" sizes=\"(max-width: 1024px) 100vw, 1024px\" \/><\/figure>\n\n\n\n<figure class=\"wp-block-image size-large\"><img loading=\"lazy\" decoding=\"async\" width=\"1024\" height=\"768\" src=\"http:\/\/www.villasansimone.it\/wp-content\/uploads\/2021\/07\/sculture-_le-4-stagioni__4_3-1024x768.jpg\" alt=\"\" class=\"wp-image-1184\" srcset=\"https:\/\/www.villasansimone.it\/wp-content\/uploads\/2021\/07\/sculture-_le-4-stagioni__4_3-1024x768.jpg 1024w, https:\/\/www.villasansimone.it\/wp-content\/uploads\/2021\/07\/sculture-_le-4-stagioni__4_3-300x225.jpg 300w, https:\/\/www.villasansimone.it\/wp-content\/uploads\/2021\/07\/sculture-_le-4-stagioni__4_3-768x576.jpg 768w, https:\/\/www.villasansimone.it\/wp-content\/uploads\/2021\/07\/sculture-_le-4-stagioni__4_3-1536x1152.jpg 1536w, https:\/\/www.villasansimone.it\/wp-content\/uploads\/2021\/07\/sculture-_le-4-stagioni__4_3-2048x1536.jpg 2048w, https:\/\/www.villasansimone.it\/wp-content\/uploads\/2021\/07\/sculture-_le-4-stagioni__4_3-1170x877.jpg 1170w\" sizes=\"(max-width: 1024px) 100vw, 1024px\" \/><\/figure>\n<\/div>\n\n\n\n<div class=\"wp-block-column is-layout-flow wp-block-column-is-layout-flow\">\n<figure class=\"wp-block-image size-large\"><img loading=\"lazy\" decoding=\"async\" width=\"1024\" height=\"768\" src=\"http:\/\/www.villasansimone.it\/wp-content\/uploads\/2021\/07\/20190624_125715-1024x768.jpg\" alt=\"\" class=\"wp-image-1182\" srcset=\"https:\/\/www.villasansimone.it\/wp-content\/uploads\/2021\/07\/20190624_125715-1024x768.jpg 1024w, https:\/\/www.villasansimone.it\/wp-content\/uploads\/2021\/07\/20190624_125715-300x225.jpg 300w, https:\/\/www.villasansimone.it\/wp-content\/uploads\/2021\/07\/20190624_125715-768x576.jpg 768w, https:\/\/www.villasansimone.it\/wp-content\/uploads\/2021\/07\/20190624_125715-1536x1152.jpg 1536w, https:\/\/www.villasansimone.it\/wp-content\/uploads\/2021\/07\/20190624_125715-2048x1536.jpg 2048w, https:\/\/www.villasansimone.it\/wp-content\/uploads\/2021\/07\/20190624_125715-1170x878.jpg 1170w\" sizes=\"(max-width: 1024px) 100vw, 1024px\" \/><\/figure>\n\n\n\n<figure class=\"wp-block-image size-large\"><img loading=\"lazy\" decoding=\"async\" width=\"1024\" height=\"698\" src=\"http:\/\/www.villasansimone.it\/wp-content\/uploads\/2021\/08\/MG_3048-1024x698.jpg\" alt=\"\" class=\"wp-image-1256\" srcset=\"https:\/\/www.villasansimone.it\/wp-content\/uploads\/2021\/08\/MG_3048-1024x698.jpg 1024w, https:\/\/www.villasansimone.it\/wp-content\/uploads\/2021\/08\/MG_3048-300x205.jpg 300w, https:\/\/www.villasansimone.it\/wp-content\/uploads\/2021\/08\/MG_3048-768x524.jpg 768w, https:\/\/www.villasansimone.it\/wp-content\/uploads\/2021\/08\/MG_3048-1536x1047.jpg 1536w, https:\/\/www.villasansimone.it\/wp-content\/uploads\/2021\/08\/MG_3048-2048x1396.jpg 2048w, https:\/\/www.villasansimone.it\/wp-content\/uploads\/2021\/08\/MG_3048-1170x798.jpg 1170w\" sizes=\"(max-width: 1024px) 100vw, 1024px\" \/><\/figure>\n<\/div>\n<\/div>\n<\/div><\/div><\/div><\/div><\/div>\n\n\n\n<div class=\"wp-block-getwid-section alignwide alignwide getwid-section-content-full-width\"><div class=\"wp-block-getwid-section__wrapper getwid-padding-bottom-small\"><div class=\"wp-block-getwid-section__inner-wrapper\"><div class=\"wp-block-getwid-section__background-holder\"><div class=\"wp-block-getwid-section__background\"><\/div><div class=\"wp-block-getwid-section__foreground\"><\/div><\/div><div class=\"wp-block-getwid-section__content\"><div class=\"wp-block-getwid-section__inner-content\">\n<div class=\"wp-block-columns is-layout-flex wp-container-core-columns-layout-3 wp-block-columns-is-layout-flex\">\n<div class=\"wp-block-column is-layout-flow wp-block-column-is-layout-flow\">\n<div class=\"wp-block-getwid-icon-box alignwide has-icon-left has-text-left\"><div class=\"wp-block-getwid-icon-box__icon-container is-position-top\"><div class=\"wp-block-getwid-icon-box__icon-wrapper has-text-color\" style=\"font-size:24px;color:#db6b49\"><i class=\"fas fa-map-marker-alt\"><\/i><\/div><\/div><div class=\"wp-block-getwid-icon-box__content\">\n<h4 class=\"wp-block-heading\">Dove siamo<\/h4>\n\n\n\n<p>Via di Santomoro 98<br>51100 Pistoia<\/p>\n\n\n\n<p><a href=\"https:\/\/www.google.com\/maps\/place\/Villa+San+Simone\/@43.956555,10.9521713,17z\/data=!3m1!4b1!4m8!3m7!1s0x132a8c99c79bf8ef:0x42962a4721ea95a3!5m2!4m1!1i2!8m2!3d43.956555!4d10.95436\" target=\"_blank\" rel=\"noreferrer noopener\">Apri in maps<\/a><\/p>\n<\/div><\/div>\n<\/div>\n\n\n\n<div class=\"wp-block-column is-layout-flow wp-block-column-is-layout-flow\">\n<div class=\"wp-block-getwid-icon-box alignwide has-icon-left has-text-left\"><div class=\"wp-block-getwid-icon-box__icon-container is-position-top\"><div class=\"wp-block-getwid-icon-box__icon-wrapper has-text-color\" style=\"font-size:24px;color:#db6b49\"><i class=\"fas fa-phone\"><\/i><\/div><\/div><div class=\"wp-block-getwid-icon-box__content\">\n<h4 class=\"wp-block-heading\">Chiama<\/h4>\n\n\n\n<p><a href=\"tel:+393398517075\">(0039) 339 8517075<\/a><\/p>\n<\/div><\/div>\n<\/div>\n\n\n\n<div class=\"wp-block-column is-layout-flow wp-block-column-is-layout-flow\">\n<div class=\"wp-block-getwid-icon-box alignwide has-icon-left has-text-left\"><div class=\"wp-block-getwid-icon-box__icon-container is-position-top\"><div class=\"wp-block-getwid-icon-box__icon-wrapper has-text-color\" style=\"font-size:24px;color:#db6b49\"><i class=\"fas fa-envelope\"><\/i><\/div><\/div><div class=\"wp-block-getwid-icon-box__content\">\n<h4 class=\"wp-block-heading\">Scrivici<\/h4>\n\n\n\n<p>Per contattarci scrivi a <a href=\"mailto:info@villasansimone.it\">info@villasansimone.it<\/a><\/p>\n<\/div><\/div>\n<\/div>\n<\/div>\n<\/div><\/div><\/div><\/div><\/div>\n\n\n\n<div class=\"wp-block-getwid-section alignwide getwid-margin-top-small getwid-section-content-full-width\"><div class=\"wp-block-getwid-section__wrapper getwid-padding-top-none getwid-padding-bottom-none getwid-padding-left-none getwid-padding-right-none\"><div class=\"wp-block-getwid-section__inner-wrapper\"><div class=\"wp-block-getwid-section__background-holder\"><div class=\"wp-block-getwid-section__background\" style=\"background-image:url('http:\/\/www.villasansimone.it\/wp-content\/uploads\/2019\/07\/image_placeholder-copy-5.png');background-size:contain\"><div class=\"wp-block-getwid-section__background-image-wrapper\"><img decoding=\"async\" class=\"wp-block-getwid-section__background-image\" src=\"http:\/\/www.villasansimone.it\/wp-content\/uploads\/2019\/07\/image_placeholder-copy-5.png\" alt=\"\"\/><\/div><\/div><div class=\"wp-block-getwid-section__foreground\"><\/div><\/div><div class=\"wp-block-getwid-section__content\"><div class=\"wp-block-getwid-section__inner-content\">\n<div class=\"wp-block-columns has-2-columns is-layout-flex wp-container-core-columns-layout-4 wp-block-columns-is-layout-flex\">\n<div class=\"wp-block-column is-layout-flow wp-block-column-is-layout-flow\">\n<div class=\"wp-block-getwid-section bring-to-top getwid-section-content-custom-width\" style=\"margin-top:90px;margin-bottom:90px\"><div class=\"wp-block-getwid-section__wrapper getwid-padding-top-none getwid-padding-bottom-none getwid-padding-left-none getwid-padding-right-none getwid-justify-content-flex-end getwid-justify-content-tablet-center getwid-reset-min-height-tablet getwid-reset-min-height-mobile\" style=\"min-height:852px\"><div class=\"wp-block-getwid-section__inner-wrapper\" style=\"max-width:500px\"><div class=\"wp-block-getwid-section__background-holder\"><div class=\"wp-block-getwid-section__background\"><\/div><div class=\"wp-block-getwid-section__foreground\"><\/div><\/div><div class=\"wp-block-getwid-section__content\"><div class=\"wp-block-getwid-section__inner-content\">\n<div class=\"wp-block-getwid-section\"><div class=\"wp-block-getwid-section__wrapper\" style=\"padding-top:75px;padding-bottom:75px;padding-left:60px;padding-right:60px\"><div class=\"wp-block-getwid-section__inner-wrapper\"><div class=\"wp-block-getwid-section__background-holder\"><div class=\"wp-block-getwid-section__background has-background has-white-background-color\"><\/div><div class=\"wp-block-getwid-section__foreground\"><\/div><\/div><div class=\"wp-block-getwid-section__content\"><div class=\"wp-block-getwid-section__inner-content\">\n<div class=\"wp-block-getwid-advanced-heading is-style-default\" style=\"margin-bottom:20px\"><h2 class=\"wp-block-getwid-advanced-heading__content\">Contattaci<\/h2><\/div>\n\n\n\n<p>In caso di domande o richieste non esitare a contattarci.<\/p>\n\n\n\n<div class=\"wp-block-contact-form-7-contact-form-selector\">\n<div class=\"wpcf7 no-js\" id=\"wpcf7-f1586-o1\" lang=\"it-IT\" dir=\"ltr\">\n<div class=\"screen-reader-response\"><p role=\"status\" aria-live=\"polite\" aria-atomic=\"true\"><\/p> <ul><\/ul><\/div>\n<form action=\"\/index.php\/wp-json\/wp\/v2\/pages\/1088#wpcf7-f1586-o1\" method=\"post\" class=\"wpcf7-form init\" aria-label=\"Modulo di contatto\" novalidate=\"novalidate\" data-status=\"init\">\n<div style=\"display: none;\">\n<input type=\"hidden\" name=\"_wpcf7\" value=\"1586\" \/>\n<input type=\"hidden\" name=\"_wpcf7_version\" value=\"5.7.4\" \/>\n<input type=\"hidden\" name=\"_wpcf7_locale\" value=\"it_IT\" \/>\n<input type=\"hidden\" name=\"_wpcf7_unit_tag\" value=\"wpcf7-f1586-o1\" \/>\n<input type=\"hidden\" name=\"_wpcf7_container_post\" value=\"0\" \/>\n<input type=\"hidden\" name=\"_wpcf7_posted_data_hash\" value=\"\" \/>\n<\/div>\n<p><label> Il tuo nome<br \/>\n<span class=\"wpcf7-form-control-wrap\" data-name=\"your-name\"><input size=\"40\" class=\"wpcf7-form-control wpcf7-text wpcf7-validates-as-required\" autocomplete=\"name\" aria-required=\"true\" aria-invalid=\"false\" value=\"\" type=\"text\" name=\"your-name\" \/><\/span> <\/label>\n<\/p>\n<p><label> La tua email<br \/>\n<span class=\"wpcf7-form-control-wrap\" data-name=\"your-email\"><input size=\"40\" class=\"wpcf7-form-control wpcf7-text wpcf7-email wpcf7-validates-as-required wpcf7-validates-as-email\" autocomplete=\"email\" aria-required=\"true\" aria-invalid=\"false\" value=\"\" type=\"email\" name=\"your-email\" \/><\/span> <\/label>\n<\/p>\n<p><label> Oggetto<br \/>\n<span class=\"wpcf7-form-control-wrap\" data-name=\"your-subject\"><input size=\"40\" class=\"wpcf7-form-control wpcf7-text wpcf7-validates-as-required\" aria-required=\"true\" aria-invalid=\"false\" value=\"\" type=\"text\" name=\"your-subject\" \/><\/span> <\/label>\n<\/p>\n<p><label> Il tuo messaggio<br \/>\n<span class=\"wpcf7-form-control-wrap\" data-name=\"your-message\"><textarea cols=\"40\" rows=\"10\" class=\"wpcf7-form-control wpcf7-textarea wpcf7-validates-as-required\" aria-required=\"true\" aria-invalid=\"false\" name=\"your-message\"><\/textarea><\/span> <\/label>\n<\/p>\n<p><input class=\"wpcf7-form-control has-spinner wpcf7-submit\" type=\"submit\" value=\"Invia\" \/>\n<\/p><p style=\"display: none !important;\"><label>&#916;<textarea name=\"_wpcf7_ak_hp_textarea\" cols=\"45\" rows=\"8\" maxlength=\"100\"><\/textarea><\/label><input type=\"hidden\" id=\"ak_js_1\" name=\"_wpcf7_ak_js\" value=\"8\"\/><script>document.getElementById( \"ak_js_1\" ).setAttribute( \"value\", ( new Date() ).getTime() );<\/script><\/p><div class=\"wpcf7-response-output\" aria-hidden=\"true\"><\/div>\n<\/form>\n<\/div>\n<\/div>\n<\/div><\/div><\/div><\/div><\/div>\n<\/div><\/div><\/div><\/div><\/div>\n<\/div>\n\n\n\n<div class=\"wp-block-column is-layout-flow wp-block-column-is-layout-flow\">\n<div class=\"wp-block-getwid-section getwid-section-content-full-width\" style=\"margin-top:45px;margin-bottom:45px\"><div class=\"wp-block-getwid-section__wrapper getwid-padding-top-none getwid-padding-bottom-none getwid-padding-left-none getwid-padding-right-none\" style=\"margin-left:-90px\"><div class=\"wp-block-getwid-section__inner-wrapper\"><div class=\"wp-block-getwid-section__background-holder\"><div class=\"wp-block-getwid-section__background\"><\/div><div class=\"wp-block-getwid-section__foreground\"><\/div><\/div><div class=\"wp-block-getwid-section__content\"><div class=\"wp-block-getwid-section__inner-content\">\n<figure class=\"wp-block-image size-full\"><img loading=\"lazy\" decoding=\"async\" width=\"940\" height=\"940\" src=\"http:\/\/www.villasansimone.it\/wp-content\/uploads\/2022\/05\/map-vss.jpg\" alt=\"\" class=\"wp-image-1559\" srcset=\"https:\/\/www.villasansimone.it\/wp-content\/uploads\/2022\/05\/map-vss.jpg 940w, https:\/\/www.villasansimone.it\/wp-content\/uploads\/2022\/05\/map-vss-300x300.jpg 300w, https:\/\/www.villasansimone.it\/wp-content\/uploads\/2022\/05\/map-vss-150x150.jpg 150w, https:\/\/www.villasansimone.it\/wp-content\/uploads\/2022\/05\/map-vss-768x768.jpg 768w\" sizes=\"(max-width: 940px) 100vw, 940px\" \/><\/figure>\n<\/div><\/div><\/div><\/div><\/div>\n<\/div>\n<\/div>\n<\/div><\/div><\/div><\/div><\/div>\n","protected":false},"excerpt":{"rendered":"<p>Apartment Hotel &amp; Bed and Breakfast<\/p>\n","protected":false},"author":1,"featured_media":1539,"parent":1083,"menu_order":0,"comment_status":"closed","ping_status":"closed","template":"","meta":{"footnotes":""},"_links":{"self":[{"href":"https:\/\/www.villasansimone.it\/index.php\/wp-json\/wp\/v2\/pages\/1088"}],"collection":[{"href":"https:\/\/www.villasansimone.it\/index.php\/wp-json\/wp\/v2\/pages"}],"about":[{"href":"https:\/\/www.villasansimone.it\/index.php\/wp-json\/wp\/v2\/types\/page"}],"author":[{"embeddable":true,"href":"https:\/\/www.villasansimone.it\/index.php\/wp-json\/wp\/v2\/users\/1"}],"replies":[{"embeddable":true,"href":"https:\/\/www.villasansimone.it\/index.php\/wp-json\/wp\/v2\/comments?post=1088"}],"version-history":[{"count":22,"href":"https:\/\/www.villasansimone.it\/index.php\/wp-json\/wp\/v2\/pages\/1088\/revisions"}],"predecessor-version":[{"id":1593,"href":"https:\/\/www.villasansimone.it\/index.php\/wp-json\/wp\/v2\/pages\/1088\/revisions\/1593"}],"up":[{"embeddable":true,"href":"https:\/\/www.villasansimone.it\/index.php\/wp-json\/wp\/v2\/pages\/1083"}],"wp:featuredmedia":[{"embeddable":true,"href":"https:\/\/www.villasansimone.it\/index.php\/wp-json\/wp\/v2\/media\/1539"}],"wp:attachment":[{"href":"https:\/\/www.villasansimone.it\/index.php\/wp-json\/wp\/v2\/media?parent=1088"}],"curies":[{"name":"wp","href":"https:\/\/api.w.org\/{rel}","templated":true}]}}